{"id":13,"date":"2022-07-14T07:52:36","date_gmt":"2022-07-14T06:52:36","guid":{"rendered":"http:\/\/localhost\/elektrovodomont\/?page_id=13"},"modified":"2022-09-15T08:10:14","modified_gmt":"2022-09-15T07:10:14","slug":"o-nama","status":"publish","type":"page","link":"https:\/\/elektrovodomont.rs\/?page_id=13","title":{"rendered":"O nama"},"content":{"rendered":"\t\t<div data-elementor-type=\"wp-page\" data-elementor-id=\"13\" class=\"elementor elementor-13\">\n\t\t\t\t\t\t\t\t\t<section class=\"elementor-section elementor-top-section elementor-element elementor-element-3bc5d039 elementor-section-boxed elementor-section-height-default elementor-section-height-default\" data-id=\"3bc5d039\" data-element_type=\"section\">\n\t\t\t\t\t\t<div class=\"elementor-container elementor-column-gap-default\">\n\t\t\t\t\t<div class=\"elementor-column elementor-col-100 elementor-top-column elementor-element elementor-element-54e2ec9c\" data-id=\"54e2ec9c\" data-element_type=\"column\">\n\t\t\t<div class=\"elementor-widget-wrap elementor-element-populated\">\n\t\t\t\t\t\t\t\t<div class=\"elementor-element elementor-element-216557b4 elementor-widget elementor-widget-text-editor\" data-id=\"216557b4\" data-element_type=\"widget\" data-widget_type=\"text-editor.default\">\n\t\t\t\t<div class=\"elementor-widget-container\">\n\t\t\t<style>\/*! elementor - v3.7.1 - 14-08-2022 *\/\n.elementor-widget-text-editor.elementor-drop-cap-view-stacked .elementor-drop-cap{background-color:#818a91;color:#fff}.elementor-widget-text-editor.elementor-drop-cap-view-framed .elementor-drop-cap{color:#818a91;border:3px solid;background-color:transparent}.elementor-widget-text-editor:not(.elementor-drop-cap-view-default) .elementor-drop-cap{margin-top:8px}.elementor-widget-text-editor:not(.elementor-drop-cap-view-default) .elementor-drop-cap-letter{width:1em;height:1em}.elementor-widget-text-editor .elementor-drop-cap{float:left;text-align:center;line-height:1;font-size:50px}.elementor-widget-text-editor .elementor-drop-cap-letter{display:inline-block}<\/style>\t\t\t\t<p><!-- wp:image {\"id\":47,\"sizeSlug\":\"large\",\"linkDestination\":\"none\"} --><\/p>\n<figure class=\"wp-block-image size-large\"><img loading=\"lazy\" width=\"1024\" height=\"683\" class=\"wp-image-47\" src=\"http:\/\/localhost\/elektrovodomont\/wp-content\/uploads\/2022\/07\/PhotoArtStudio_0253-1024x683.jpg\" alt=\"\" srcset=\"https:\/\/elektrovodomont.rs\/wp-content\/uploads\/2022\/07\/PhotoArtStudio_0253-1024x683.jpg 1024w, https:\/\/elektrovodomont.rs\/wp-content\/uploads\/2022\/07\/PhotoArtStudio_0253-300x200.jpg 300w, https:\/\/elektrovodomont.rs\/wp-content\/uploads\/2022\/07\/PhotoArtStudio_0253-768x513.jpg 768w, https:\/\/elektrovodomont.rs\/wp-content\/uploads\/2022\/07\/PhotoArtStudio_0253-1536x1025.jpg 1536w, https:\/\/elektrovodomont.rs\/wp-content\/uploads\/2022\/07\/PhotoArtStudio_0253-2048x1367.jpg 2048w\" sizes=\"(max-width: 1024px) 100vw, 1024px\" \/><\/figure>\n<p><!-- \/wp:image --><\/p>\n<p><!-- wp:paragraph --><\/p>\n<p>Preduze\u0107e \u201cELEKTROVODOMONT\u201d d.o.o. je osnovano 26.02.1992.godine sa dva osniva\u010da i vlasnika. Od 15.11.2001. godine preduze\u0107e nastavlja sa radom sa jednim osniva\u010dom i vlasnikom. Vlasnik preduze\u0107a je diplomirani ekonomista Drago\u0161 Ilini\u010di\u0107. Sedi\u0161te preduze\u0107a je u Konarevu, Kraljevo. Preduze\u0107e ima komercijalnu,op\u0161tu,knjigovodstvenu i transportnu slu\u017ebu. Komercijalnu slu\u017ebu \u010dine profesionalni komercijalisti sa du\u017eim radom u struci. Robu prevozimo direktno do na\u0161ih kupaca u roku od 24 h od porud\u017ebine zahvaljuju\u0107i modernoj floti kamiona marke Mercedes Actros.<\/p>\n<p><!-- \/wp:gallery --><\/p>\t\t\t\t\t\t<\/div>\n\t\t\t\t<\/div>\n\t\t\t\t\t<\/div>\n\t\t<\/div>\n\t\t\t\t\t\t\t<\/div>\n\t\t<\/section>\n\t\t\t\t<section class=\"elementor-section elementor-top-section elementor-element elementor-element-1287857 elementor-section-boxed elementor-section-height-default elementor-section-height-default\" data-id=\"1287857\" data-element_type=\"section\">\n\t\t\t\t\t\t<div class=\"elementor-container elementor-column-gap-default\">\n\t\t\t\t\t<div class=\"elementor-column elementor-col-33 elementor-top-column elementor-element elementor-element-2441468\" data-id=\"2441468\" data-element_type=\"column\">\n\t\t\t<div class=\"elementor-widget-wrap elementor-element-populated\">\n\t\t\t\t\t\t\t\t<div class=\"elementor-element elementor-element-35a77ed elementor-widget elementor-widget-image\" data-id=\"35a77ed\" data-element_type=\"widget\" data-widget_type=\"image.default\">\n\t\t\t\t<div class=\"elementor-widget-container\">\n\t\t\t<style>\/*! elementor - v3.7.1 - 14-08-2022 *\/\n.elementor-widget-image{text-align:center}.elementor-widget-image a{display:inline-block}.elementor-widget-image a img[src$=\".svg\"]{width:48px}.elementor-widget-image img{vertical-align:middle;display:inline-block}<\/style>\t\t\t\t\t\t\t\t\t\t\t\t<img width=\"300\" height=\"200\" src=\"https:\/\/elektrovodomont.rs\/wp-content\/uploads\/2022\/07\/PhotoArtStudio_0260-300x200.jpg\" class=\"attachment-medium size-medium\" alt=\"\" loading=\"lazy\" srcset=\"https:\/\/elektrovodomont.rs\/wp-content\/uploads\/2022\/07\/PhotoArtStudio_0260-300x200.jpg 300w, https:\/\/elektrovodomont.rs\/wp-content\/uploads\/2022\/07\/PhotoArtStudio_0260-1024x684.jpg 1024w, https:\/\/elektrovodomont.rs\/wp-content\/uploads\/2022\/07\/PhotoArtStudio_0260-768x513.jpg 768w, https:\/\/elektrovodomont.rs\/wp-content\/uploads\/2022\/07\/PhotoArtStudio_0260-1536x1025.jpg 1536w, https:\/\/elektrovodomont.rs\/wp-content\/uploads\/2022\/07\/PhotoArtStudio_0260-2048x1367.jpg 2048w\" sizes=\"(max-width: 300px) 100vw, 300px\" \/>\t\t\t\t\t\t\t\t\t\t\t\t\t\t\t<\/div>\n\t\t\t\t<\/div>\n\t\t\t\t\t<\/div>\n\t\t<\/div>\n\t\t\t\t<div class=\"elementor-column elementor-col-33 elementor-top-column elementor-element elementor-element-679f1c1\" data-id=\"679f1c1\" data-element_type=\"column\">\n\t\t\t<div class=\"elementor-widget-wrap elementor-element-populated\">\n\t\t\t\t\t\t\t\t<div class=\"elementor-element elementor-element-21a26be elementor-widget elementor-widget-image\" data-id=\"21a26be\" data-element_type=\"widget\" data-widget_type=\"image.default\">\n\t\t\t\t<div class=\"elementor-widget-container\">\n\t\t\t\t\t\t\t\t\t\t\t\t\t\t\t<img width=\"300\" height=\"200\" src=\"https:\/\/elektrovodomont.rs\/wp-content\/uploads\/2022\/07\/PhotoArtStudio_0268-300x200.jpg\" class=\"attachment-medium size-medium\" alt=\"\" loading=\"lazy\" srcset=\"https:\/\/elektrovodomont.rs\/wp-content\/uploads\/2022\/07\/PhotoArtStudio_0268-300x200.jpg 300w, https:\/\/elektrovodomont.rs\/wp-content\/uploads\/2022\/07\/PhotoArtStudio_0268-1024x684.jpg 1024w, https:\/\/elektrovodomont.rs\/wp-content\/uploads\/2022\/07\/PhotoArtStudio_0268-768x513.jpg 768w, https:\/\/elektrovodomont.rs\/wp-content\/uploads\/2022\/07\/PhotoArtStudio_0268-1536x1025.jpg 1536w, https:\/\/elektrovodomont.rs\/wp-content\/uploads\/2022\/07\/PhotoArtStudio_0268-2048x1367.jpg 2048w\" sizes=\"(max-width: 300px) 100vw, 300px\" \/>\t\t\t\t\t\t\t\t\t\t\t\t\t\t\t<\/div>\n\t\t\t\t<\/div>\n\t\t\t\t\t<\/div>\n\t\t<\/div>\n\t\t\t\t<div class=\"elementor-column elementor-col-33 elementor-top-column elementor-element elementor-element-6afd858\" data-id=\"6afd858\" data-element_type=\"column\">\n\t\t\t<div class=\"elementor-widget-wrap elementor-element-populated\">\n\t\t\t\t\t\t\t\t<div class=\"elementor-element elementor-element-1024d16 elementor-widget elementor-widget-image\" data-id=\"1024d16\" data-element_type=\"widget\" data-widget_type=\"image.default\">\n\t\t\t\t<div class=\"elementor-widget-container\">\n\t\t\t\t\t\t\t\t\t\t\t\t\t\t\t<img width=\"300\" height=\"200\" src=\"https:\/\/elektrovodomont.rs\/wp-content\/uploads\/2022\/07\/PhotoArtStudio_0255-300x200.jpg\" class=\"attachment-medium size-medium\" alt=\"\" loading=\"lazy\" srcset=\"https:\/\/elektrovodomont.rs\/wp-content\/uploads\/2022\/07\/PhotoArtStudio_0255-300x200.jpg 300w, https:\/\/elektrovodomont.rs\/wp-content\/uploads\/2022\/07\/PhotoArtStudio_0255-1024x684.jpg 1024w, https:\/\/elektrovodomont.rs\/wp-content\/uploads\/2022\/07\/PhotoArtStudio_0255-768x513.jpg 768w, https:\/\/elektrovodomont.rs\/wp-content\/uploads\/2022\/07\/PhotoArtStudio_0255-1536x1025.jpg 1536w, https:\/\/elektrovodomont.rs\/wp-content\/uploads\/2022\/07\/PhotoArtStudio_0255-2048x1367.jpg 2048w\" sizes=\"(max-width: 300px) 100vw, 300px\" \/>\t\t\t\t\t\t\t\t\t\t\t\t\t\t\t<\/div>\n\t\t\t\t<\/div>\n\t\t\t\t\t<\/div>\n\t\t<\/div>\n\t\t\t\t\t\t\t<\/div>\n\t\t<\/section>\n\t\t\t\t\t\t\t<\/div>\n\t\t","protected":false},"excerpt":{"rendered":"<p>Preduze\u0107e \u201cELEKTROVODOMONT\u201d d.o.o. je osnovano 26.02.1992.godine sa dva osniva\u010da i vlasnika. Od 15.11.2001. godine preduze\u0107e nastavlja sa radom sa jednim osniva\u010dom i vlasnikom. Vlasnik preduze\u0107a&hellip;<\/p>\n","protected":false},"author":1,"featured_media":0,"parent":0,"menu_order":0,"comment_status":"closed","ping_status":"closed","template":"elementor_header_footer","meta":[],"_links":{"self":[{"href":"https:\/\/elektrovodomont.rs\/index.php?rest_route=\/wp\/v2\/pages\/13"}],"collection":[{"href":"https:\/\/elektrovodomont.rs\/index.php?rest_route=\/wp\/v2\/pages"}],"about":[{"href":"https:\/\/elektrovodomont.rs\/index.php?rest_route=\/wp\/v2\/types\/page"}],"author":[{"embeddable":true,"href":"https:\/\/elektrovodomont.rs\/index.php?rest_route=\/wp\/v2\/users\/1"}],"replies":[{"embeddable":true,"href":"https:\/\/elektrovodomont.rs\/index.php?rest_route=%2Fwp%2Fv2%2Fcomments&post=13"}],"version-history":[{"count":19,"href":"https:\/\/elektrovodomont.rs\/index.php?rest_route=\/wp\/v2\/pages\/13\/revisions"}],"predecessor-version":[{"id":1470,"href":"https:\/\/elektrovodomont.rs\/index.php?rest_route=\/wp\/v2\/pages\/13\/revisions\/1470"}],"wp:attachment":[{"href":"https:\/\/elektrovodomont.rs\/index.php?rest_route=%2Fwp%2Fv2%2Fmedia&parent=13"}],"curies":[{"name":"wp","href":"https:\/\/api.w.org\/{rel}","templated":true}]}}