{"id":131,"date":"2022-07-18T08:19:35","date_gmt":"2022-07-18T07:19:35","guid":{"rendered":"http:\/\/localhost\/elektrovodomont\/?page_id=131"},"modified":"2022-08-21T10:53:36","modified_gmt":"2022-08-21T09:53:36","slug":"fert-nosaci","status":"publish","type":"page","link":"https:\/\/elektrovodomont.rs\/?page_id=131","title":{"rendered":"Binor nosa\u010di"},"content":{"rendered":"\t\t<div data-elementor-type=\"wp-page\" data-elementor-id=\"131\" class=\"elementor elementor-131\">\n\t\t\t\t\t\t\t\t\t<section class=\"elementor-section elementor-top-section elementor-element elementor-element-153314a6 elementor-section-boxed elementor-section-height-default elementor-section-height-default\" data-id=\"153314a6\" data-element_type=\"section\">\n\t\t\t\t\t\t<div class=\"elementor-container elementor-column-gap-default\">\n\t\t\t\t\t<div class=\"elementor-column elementor-col-100 elementor-top-column elementor-element elementor-element-3c424ac0\" data-id=\"3c424ac0\" data-element_type=\"column\">\n\t\t\t<div class=\"elementor-widget-wrap elementor-element-populated\">\n\t\t\t\t\t\t\t\t<div class=\"elementor-element elementor-element-2a1ff12c elementor-widget elementor-widget-text-editor\" data-id=\"2a1ff12c\" data-element_type=\"widget\" data-widget_type=\"text-editor.default\">\n\t\t\t\t<div class=\"elementor-widget-container\">\n\t\t\t<style>\/*! elementor - v3.7.1 - 14-08-2022 *\/\n.elementor-widget-text-editor.elementor-drop-cap-view-stacked .elementor-drop-cap{background-color:#818a91;color:#fff}.elementor-widget-text-editor.elementor-drop-cap-view-framed .elementor-drop-cap{color:#818a91;border:3px solid;background-color:transparent}.elementor-widget-text-editor:not(.elementor-drop-cap-view-default) .elementor-drop-cap{margin-top:8px}.elementor-widget-text-editor:not(.elementor-drop-cap-view-default) .elementor-drop-cap-letter{width:1em;height:1em}.elementor-widget-text-editor .elementor-drop-cap{float:left;text-align:center;line-height:1;font-size:50px}.elementor-widget-text-editor .elementor-drop-cap-letter{display:inline-block}<\/style>\t\t\t\t<!-- wp:paragraph -->\n<p><strong>Fert (Binor) nosa\u010di<\/strong> se naj\u010de\u0161ce koriste kao gotova armatura za me\u0111uspratne konstrukcije,monta\u017ene armirane betonske plo\u010de. Izra\u0111uju se u dve visine: 9 i 12 cm.<\/p>\n<!-- \/wp:paragraph -->\t\t\t\t\t\t<\/div>\n\t\t\t\t<\/div>\n\t\t\t\t<div class=\"elementor-element elementor-element-e883f82 elementor-widget-divider--view-line elementor-widget elementor-widget-divider\" data-id=\"e883f82\" data-element_type=\"widget\" data-widget_type=\"divider.default\">\n\t\t\t\t<div class=\"elementor-widget-container\">\n\t\t\t<style>\/*! elementor - v3.7.1 - 14-08-2022 *\/\n.elementor-widget-divider{--divider-border-style:none;--divider-border-width:1px;--divider-color:#2c2c2c;--divider-icon-size:20px;--divider-element-spacing:10px;--divider-pattern-height:24px;--divider-pattern-size:20px;--divider-pattern-url:none;--divider-pattern-repeat:repeat-x}.elementor-widget-divider .elementor-divider{display:-webkit-box;display:-ms-flexbox;display:flex}.elementor-widget-divider .elementor-divider__text{font-size:15px;line-height:1;max-width:95%}.elementor-widget-divider .elementor-divider__element{margin:0 var(--divider-element-spacing);-ms-flex-negative:0;flex-shrink:0}.elementor-widget-divider .elementor-icon{font-size:var(--divider-icon-size)}.elementor-widget-divider .elementor-divider-separator{display:-webkit-box;display:-ms-flexbox;display:flex;margin:0;direction:ltr}.elementor-widget-divider--view-line_icon .elementor-divider-separator,.elementor-widget-divider--view-line_text .elementor-divider-separator{-webkit-box-align:center;-ms-flex-align:center;align-items:center}.elementor-widget-divider--view-line_icon .elementor-divider-separator:after,.elementor-widget-divider--view-line_icon .elementor-divider-separator:before,.elementor-widget-divider--view-line_text .elementor-divider-separator:after,.elementor-widget-divider--view-line_text .elementor-divider-separator:before{display:block;content:\"\";border-bottom:0;-webkit-box-flex:1;-ms-flex-positive:1;flex-grow:1;border-top:var(--divider-border-width) var(--divider-border-style) var(--divider-color)}.elementor-widget-divider--element-align-left .elementor-divider .elementor-divider-separator>.elementor-divider__svg:first-of-type{-webkit-box-flex:0;-ms-flex-positive:0;flex-grow:0;-ms-flex-negative:100;flex-shrink:100}.elementor-widget-divider--element-align-left .elementor-divider-separator:before{content:none}.elementor-widget-divider--element-align-left .elementor-divider__element{margin-left:0}.elementor-widget-divider--element-align-right .elementor-divider .elementor-divider-separator>.elementor-divider__svg:last-of-type{-webkit-box-flex:0;-ms-flex-positive:0;flex-grow:0;-ms-flex-negative:100;flex-shrink:100}.elementor-widget-divider--element-align-right .elementor-divider-separator:after{content:none}.elementor-widget-divider--element-align-right .elementor-divider__element{margin-right:0}.elementor-widget-divider:not(.elementor-widget-divider--view-line_text):not(.elementor-widget-divider--view-line_icon) .elementor-divider-separator{border-top:var(--divider-border-width) var(--divider-border-style) var(--divider-color)}.elementor-widget-divider--separator-type-pattern{--divider-border-style:none}.elementor-widget-divider--separator-type-pattern.elementor-widget-divider--view-line .elementor-divider-separator,.elementor-widget-divider--separator-type-pattern:not(.elementor-widget-divider--view-line) .elementor-divider-separator:after,.elementor-widget-divider--separator-type-pattern:not(.elementor-widget-divider--view-line) .elementor-divider-separator:before,.elementor-widget-divider--separator-type-pattern:not([class*=elementor-widget-divider--view]) .elementor-divider-separator{width:100%;min-height:var(--divider-pattern-height);-webkit-mask-size:var(--divider-pattern-size) 100%;mask-size:var(--divider-pattern-size) 100%;-webkit-mask-repeat:var(--divider-pattern-repeat);mask-repeat:var(--divider-pattern-repeat);background-color:var(--divider-color);-webkit-mask-image:var(--divider-pattern-url);mask-image:var(--divider-pattern-url)}.elementor-widget-divider--no-spacing{--divider-pattern-size:auto}.elementor-widget-divider--bg-round{--divider-pattern-repeat:round}.rtl .elementor-widget-divider .elementor-divider__text{direction:rtl}.e-container>.elementor-widget-divider{width:var(--container-widget-width,100%);-webkit-box-flex:1;-ms-flex-positive:1;flex-grow:1}<\/style>\t\t<div class=\"elementor-divider\">\n\t\t\t<span class=\"elementor-divider-separator\">\n\t\t\t\t\t\t<\/span>\n\t\t<\/div>\n\t\t\t\t<\/div>\n\t\t\t\t<\/div>\n\t\t\t\t<div class=\"elementor-element elementor-element-04d98cf elementor-widget elementor-widget-image-gallery\" data-id=\"04d98cf\" data-element_type=\"widget\" data-widget_type=\"image-gallery.default\">\n\t\t\t\t<div class=\"elementor-widget-container\">\n\t\t\t<style>\/*! elementor - v3.7.1 - 14-08-2022 *\/\n.elementor-image-gallery .gallery-item{display:inline-block;text-align:center;vertical-align:top;width:100%;max-width:100%;margin:0 auto}.elementor-image-gallery .gallery-item img{margin:0 auto}.elementor-image-gallery .gallery-item .gallery-caption{margin:0}.elementor-image-gallery figure img{display:block}.elementor-image-gallery figure figcaption{width:100%}.gallery-spacing-custom .elementor-image-gallery .gallery-icon{padding:0}@media (min-width:768px){.elementor-image-gallery .gallery-columns-2 .gallery-item{max-width:50%}.elementor-image-gallery .gallery-columns-3 .gallery-item{max-width:33.33%}.elementor-image-gallery .gallery-columns-4 .gallery-item{max-width:25%}.elementor-image-gallery .gallery-columns-5 .gallery-item{max-width:20%}.elementor-image-gallery .gallery-columns-6 .gallery-item{max-width:16.666%}.elementor-image-gallery .gallery-columns-7 .gallery-item{max-width:14.28%}.elementor-image-gallery .gallery-columns-8 .gallery-item{max-width:12.5%}.elementor-image-gallery .gallery-columns-9 .gallery-item{max-width:11.11%}.elementor-image-gallery .gallery-columns-10 .gallery-item{max-width:10%}}@media (min-width:480px) and (max-width:767px){.elementor-image-gallery .gallery.gallery-columns-2 .gallery-item,.elementor-image-gallery .gallery.gallery-columns-3 .gallery-item,.elementor-image-gallery .gallery.gallery-columns-4 .gallery-item,.elementor-image-gallery .gallery.gallery-columns-5 .gallery-item,.elementor-image-gallery .gallery.gallery-columns-6 .gallery-item,.elementor-image-gallery .gallery.gallery-columns-7 .gallery-item,.elementor-image-gallery .gallery.gallery-columns-8 .gallery-item,.elementor-image-gallery .gallery.gallery-columns-9 .gallery-item,.elementor-image-gallery .gallery.gallery-columns-10 .gallery-item{max-width:50%}}@media (max-width:479px){.elementor-image-gallery .gallery.gallery-columns-2 .gallery-item,.elementor-image-gallery .gallery.gallery-columns-3 .gallery-item,.elementor-image-gallery .gallery.gallery-columns-4 .gallery-item,.elementor-image-gallery .gallery.gallery-columns-5 .gallery-item,.elementor-image-gallery .gallery.gallery-columns-6 .gallery-item,.elementor-image-gallery .gallery.gallery-columns-7 .gallery-item,.elementor-image-gallery .gallery.gallery-columns-8 .gallery-item,.elementor-image-gallery .gallery.gallery-columns-9 .gallery-item,.elementor-image-gallery .gallery.gallery-columns-10 .gallery-item{max-width:100%}}<\/style>\t\t<div class=\"elementor-image-gallery\">\n\t\t\t<div id='gallery-1' class='gallery galleryid-131 gallery-columns-4 gallery-size-medium'><figure class='gallery-item'>\n\t\t\t<div class='gallery-icon landscape'>\n\t\t\t\t<a data-elementor-open-lightbox=\"yes\" data-elementor-lightbox-slideshow=\"04d98cf\" data-elementor-lightbox-title=\"PhotoArtStudio_0196\" e-action-hash=\"#elementor-action%3Aaction%3Dlightbox%26settings%3DeyJpZCI6NjgzLCJ1cmwiOiJodHRwczpcL1wvZWxla3Ryb3ZvZG9tb250LnJzXC93cC1jb250ZW50XC91cGxvYWRzXC8yMDIyXC8wOFwvUGhvdG9BcnRTdHVkaW9fMDE5Ni5qcGciLCJzbGlkZXNob3ciOiIwNGQ5OGNmIn0%3D\" href=\"https:\/\/elektrovodomont.rs\/wp-content\/uploads\/2022\/08\/PhotoArtStudio_0196.jpg\" title=\"PhotoArtStudio_0196\" data-description=\"\"><img width=\"300\" height=\"200\" src=\"https:\/\/elektrovodomont.rs\/wp-content\/uploads\/2022\/08\/PhotoArtStudio_0196-300x200.jpg\" class=\"attachment-medium size-medium\" alt=\"binor nosaci\" loading=\"lazy\" srcset=\"https:\/\/elektrovodomont.rs\/wp-content\/uploads\/2022\/08\/PhotoArtStudio_0196-300x200.jpg 300w, https:\/\/elektrovodomont.rs\/wp-content\/uploads\/2022\/08\/PhotoArtStudio_0196-1024x684.jpg 1024w, https:\/\/elektrovodomont.rs\/wp-content\/uploads\/2022\/08\/PhotoArtStudio_0196-768x513.jpg 768w, https:\/\/elektrovodomont.rs\/wp-content\/uploads\/2022\/08\/PhotoArtStudio_0196-1536x1025.jpg 1536w, https:\/\/elektrovodomont.rs\/wp-content\/uploads\/2022\/08\/PhotoArtStudio_0196-2048x1367.jpg 2048w, https:\/\/elektrovodomont.rs\/wp-content\/uploads\/2022\/08\/PhotoArtStudio_0196-90x60.jpg 90w\" sizes=\"(max-width: 300px) 100vw, 300px\"><\/a>\n\t\t\t<\/div><\/figure><figure class='gallery-item'>\n\t\t\t<div class='gallery-icon landscape'>\n\t\t\t\t<a data-elementor-open-lightbox=\"yes\" data-elementor-lightbox-slideshow=\"04d98cf\" data-elementor-lightbox-title=\"PhotoArtStudio_0197\" e-action-hash=\"#elementor-action%3Aaction%3Dlightbox%26settings%3DeyJpZCI6Njg0LCJ1cmwiOiJodHRwczpcL1wvZWxla3Ryb3ZvZG9tb250LnJzXC93cC1jb250ZW50XC91cGxvYWRzXC8yMDIyXC8wOFwvUGhvdG9BcnRTdHVkaW9fMDE5Ny5qcGciLCJzbGlkZXNob3ciOiIwNGQ5OGNmIn0%3D\" href=\"https:\/\/elektrovodomont.rs\/wp-content\/uploads\/2022\/08\/PhotoArtStudio_0197.jpg\" title=\"PhotoArtStudio_0197\" data-description=\"\"><img width=\"300\" height=\"200\" src=\"https:\/\/elektrovodomont.rs\/wp-content\/uploads\/2022\/08\/PhotoArtStudio_0197-300x200.jpg\" class=\"attachment-medium size-medium\" alt=\"binor nosaci\" loading=\"lazy\" srcset=\"https:\/\/elektrovodomont.rs\/wp-content\/uploads\/2022\/08\/PhotoArtStudio_0197-300x200.jpg 300w, https:\/\/elektrovodomont.rs\/wp-content\/uploads\/2022\/08\/PhotoArtStudio_0197-1024x684.jpg 1024w, https:\/\/elektrovodomont.rs\/wp-content\/uploads\/2022\/08\/PhotoArtStudio_0197-768x513.jpg 768w, https:\/\/elektrovodomont.rs\/wp-content\/uploads\/2022\/08\/PhotoArtStudio_0197-1536x1025.jpg 1536w, https:\/\/elektrovodomont.rs\/wp-content\/uploads\/2022\/08\/PhotoArtStudio_0197-2048x1367.jpg 2048w, https:\/\/elektrovodomont.rs\/wp-content\/uploads\/2022\/08\/PhotoArtStudio_0197-90x60.jpg 90w\" sizes=\"(max-width: 300px) 100vw, 300px\"><\/a>\n\t\t\t<\/div><\/figure><figure class='gallery-item'>\n\t\t\t<div class='gallery-icon landscape'>\n\t\t\t\t<a data-elementor-open-lightbox=\"yes\" data-elementor-lightbox-slideshow=\"04d98cf\" data-elementor-lightbox-title=\"PhotoArtStudio_0198\" e-action-hash=\"#elementor-action%3Aaction%3Dlightbox%26settings%3DeyJpZCI6Njg1LCJ1cmwiOiJodHRwczpcL1wvZWxla3Ryb3ZvZG9tb250LnJzXC93cC1jb250ZW50XC91cGxvYWRzXC8yMDIyXC8wOFwvUGhvdG9BcnRTdHVkaW9fMDE5OC5qcGciLCJzbGlkZXNob3ciOiIwNGQ5OGNmIn0%3D\" href=\"https:\/\/elektrovodomont.rs\/wp-content\/uploads\/2022\/08\/PhotoArtStudio_0198.jpg\" title=\"PhotoArtStudio_0198\" data-description=\"\"><img width=\"300\" height=\"200\" src=\"https:\/\/elektrovodomont.rs\/wp-content\/uploads\/2022\/08\/PhotoArtStudio_0198-300x200.jpg\" class=\"attachment-medium size-medium\" alt=\"binor nosaci\" loading=\"lazy\" srcset=\"https:\/\/elektrovodomont.rs\/wp-content\/uploads\/2022\/08\/PhotoArtStudio_0198-300x200.jpg 300w, https:\/\/elektrovodomont.rs\/wp-content\/uploads\/2022\/08\/PhotoArtStudio_0198-1024x684.jpg 1024w, https:\/\/elektrovodomont.rs\/wp-content\/uploads\/2022\/08\/PhotoArtStudio_0198-768x513.jpg 768w, https:\/\/elektrovodomont.rs\/wp-content\/uploads\/2022\/08\/PhotoArtStudio_0198-1536x1025.jpg 1536w, https:\/\/elektrovodomont.rs\/wp-content\/uploads\/2022\/08\/PhotoArtStudio_0198-2048x1367.jpg 2048w, https:\/\/elektrovodomont.rs\/wp-content\/uploads\/2022\/08\/PhotoArtStudio_0198-90x60.jpg 90w\" sizes=\"(max-width: 300px) 100vw, 300px\"><\/a>\n\t\t\t<\/div><\/figure><figure class='gallery-item'>\n\t\t\t<div class='gallery-icon landscape'>\n\t\t\t\t<a data-elementor-open-lightbox=\"yes\" data-elementor-lightbox-slideshow=\"04d98cf\" data-elementor-lightbox-title=\"PhotoArtStudio_0199\" e-action-hash=\"#elementor-action%3Aaction%3Dlightbox%26settings%3DeyJpZCI6Njg2LCJ1cmwiOiJodHRwczpcL1wvZWxla3Ryb3ZvZG9tb250LnJzXC93cC1jb250ZW50XC91cGxvYWRzXC8yMDIyXC8wOFwvUGhvdG9BcnRTdHVkaW9fMDE5OS5qcGciLCJzbGlkZXNob3ciOiIwNGQ5OGNmIn0%3D\" href=\"https:\/\/elektrovodomont.rs\/wp-content\/uploads\/2022\/08\/PhotoArtStudio_0199.jpg\" title=\"PhotoArtStudio_0199\" data-description=\"\"><img width=\"300\" height=\"200\" src=\"https:\/\/elektrovodomont.rs\/wp-content\/uploads\/2022\/08\/PhotoArtStudio_0199-300x200.jpg\" class=\"attachment-medium size-medium\" alt=\"\" loading=\"lazy\" srcset=\"https:\/\/elektrovodomont.rs\/wp-content\/uploads\/2022\/08\/PhotoArtStudio_0199-300x200.jpg 300w, https:\/\/elektrovodomont.rs\/wp-content\/uploads\/2022\/08\/PhotoArtStudio_0199-1024x684.jpg 1024w, https:\/\/elektrovodomont.rs\/wp-content\/uploads\/2022\/08\/PhotoArtStudio_0199-768x513.jpg 768w, https:\/\/elektrovodomont.rs\/wp-content\/uploads\/2022\/08\/PhotoArtStudio_0199-1536x1025.jpg 1536w, https:\/\/elektrovodomont.rs\/wp-content\/uploads\/2022\/08\/PhotoArtStudio_0199-2048x1367.jpg 2048w, https:\/\/elektrovodomont.rs\/wp-content\/uploads\/2022\/08\/PhotoArtStudio_0199-90x60.jpg 90w\" sizes=\"(max-width: 300px) 100vw, 300px\"><\/a>\n\t\t\t<\/div><\/figure>\n\t\t<\/div>\n\t\t<\/div>\n\t\t\t\t<\/div>\n\t\t\t\t<\/div>\n\t\t\t\t\t<\/div>\n\t\t<\/div>\n\t\t\t\t\t\t\t<\/div>\n\t\t<\/section>\n\t\t\t\t\t\t\t<\/div>\n\t\t","protected":false},"excerpt":{"rendered":"<p>Fert (Binor) nosa\u010di se naj\u010de\u0161ce koriste kao gotova armatura za me\u0111uspratne konstrukcije,monta\u017ene armirane betonske plo\u010de. Izra\u0111uju se u dve visine: 9 i 12 cm.<\/p>\n","protected":false},"author":1,"featured_media":0,"parent":0,"menu_order":0,"comment_status":"closed","ping_status":"closed","template":"","meta":[],"_links":{"self":[{"href":"https:\/\/elektrovodomont.rs\/index.php?rest_route=\/wp\/v2\/pages\/131"}],"collection":[{"href":"https:\/\/elektrovodomont.rs\/index.php?rest_route=\/wp\/v2\/pages"}],"about":[{"href":"https:\/\/elektrovodomont.rs\/index.php?rest_route=\/wp\/v2\/types\/page"}],"author":[{"embeddable":true,"href":"https:\/\/elektrovodomont.rs\/index.php?rest_route=\/wp\/v2\/users\/1"}],"replies":[{"embeddable":true,"href":"https:\/\/elektrovodomont.rs\/index.php?rest_route=%2Fwp%2Fv2%2Fcomments&post=131"}],"version-history":[{"count":10,"href":"https:\/\/elektrovodomont.rs\/index.php?rest_route=\/wp\/v2\/pages\/131\/revisions"}],"predecessor-version":[{"id":693,"href":"https:\/\/elektrovodomont.rs\/index.php?rest_route=\/wp\/v2\/pages\/131\/revisions\/693"}],"wp:attachment":[{"href":"https:\/\/elektrovodomont.rs\/index.php?rest_route=%2Fwp%2Fv2%2Fmedia&parent=131"}],"curies":[{"name":"wp","href":"https:\/\/api.w.org\/{rel}","templated":true}]}}