{"id":133,"date":"2022-07-18T08:20:45","date_gmt":"2022-07-18T06:20:45","guid":{"rendered":"http:\/\/localhost\/elektrovodomont\/?page_id=133"},"modified":"2022-07-18T15:02:28","modified_gmt":"2022-07-18T13:02:28","slug":"paljena-zica","status":"publish","type":"page","link":"https:\/\/elektrovodomont.rs\/?page_id=133","title":{"rendered":"Paljena \u017eica"},"content":{"rendered":"\n<p><strong>Paljena \u017eica <\/strong>ima \u0161iroku primenu i upotrebljava se u svakom radu u gra\u0111evinarstvu. U ponudi imamo 1,2 (armira\u010dku) i 3,1 (tesarsku \u017eicu).<\/p>\n","protected":false},"excerpt":{"rendered":"<p>Paljena \u017eica ima \u0161iroku primenu i upotrebljava se u svakom radu u gra\u0111evinarstvu. U ponudi imamo 1,2 (armira\u010dku) i 3,1 (tesarsku \u017eicu).<\/p>\n","protected":false},"author":1,"featured_media":0,"parent":0,"menu_order":0,"comment_status":"closed","ping_status":"closed","template":"","meta":[],"_links":{"self":[{"href":"https:\/\/elektrovodomont.rs\/index.php?rest_route=\/wp\/v2\/pages\/133"}],"collection":[{"href":"https:\/\/elektrovodomont.rs\/index.php?rest_route=\/wp\/v2\/pages"}],"about":[{"href":"https:\/\/elektrovodomont.rs\/index.php?rest_route=\/wp\/v2\/types\/page"}],"author":[{"embeddable":true,"href":"https:\/\/elektrovodomont.rs\/index.php?rest_route=\/wp\/v2\/users\/1"}],"replies":[{"embeddable":true,"href":"https:\/\/elektrovodomont.rs\/index.php?rest_route=%2Fwp%2Fv2%2Fcomments&post=133"}],"version-history":[{"count":2,"href":"https:\/\/elektrovodomont.rs\/index.php?rest_route=\/wp\/v2\/pages\/133\/revisions"}],"predecessor-version":[{"id":305,"href":"https:\/\/elektrovodomont.rs\/index.php?rest_route=\/wp\/v2\/pages\/133\/revisions\/305"}],"wp:attachment":[{"href":"https:\/\/elektrovodomont.rs\/index.php?rest_route=%2Fwp%2Fv2%2Fmedia&parent=133"}],"curies":[{"name":"wp","href":"https:\/\/api.w.org\/{rel}","templated":true}]}}