{"id":82,"date":"2022-07-15T11:02:26","date_gmt":"2022-07-15T09:02:26","guid":{"rendered":"http:\/\/localhost\/elektrovodomont\/?page_id=82"},"modified":"2022-07-18T14:57:46","modified_gmt":"2022-07-18T12:57:46","slug":"prodajni-program","status":"publish","type":"page","link":"https:\/\/elektrovodomont.rs\/?page_id=82","title":{"rendered":"Prodajni program"},"content":{"rendered":"\n<p>Na\u0161 prodajni program se zasniva na nabavci armature koja svojim kvalitetom moze da odgovori svim zahtevima i modernog i tradicionalnog gra\u0111evinarstva. Iskustvo i uspe\u0161na vi\u0161edecenijska saradnja sa fabrikom Arcelor Mittal Zenica se pokazala uspe\u0161nom a kao glavni pokazatelj jeste na\u0161a baza od preko 500 zadovoljnih kupaca.Sva na\u0161a roba je sertifikovana od strane njenog proizvodja\u010da.<\/p>\n\n\n\n<p>U okviru na\u0161eg prodajnog programa mo\u017eemo vam ponuditi toplo valjanu \u017eicu,betonsko rebrasto gvo\u017e\u0111e u koturu i \u0161ipkama,armaturne mre\u017ee,fert nosace (binore),paljenu \u017eicu,uzengije,obra\u0111eno gvo\u017e\u0111e (po specifikaciji). Na zahtev kupca mozemo nabaviti i ostale proizvode od gvo\u017e\u0111a.<\/p>\n","protected":false},"excerpt":{"rendered":"<p>Na\u0161 prodajni program se zasniva na nabavci armature koja svojim kvalitetom moze da odgovori svim zahtevima i modernog i tradicionalnog gra\u0111evinarstva. Iskustvo i uspe\u0161na vi\u0161edecenijska&hellip;<\/p>\n","protected":false},"author":1,"featured_media":0,"parent":0,"menu_order":0,"comment_status":"closed","ping_status":"closed","template":"","meta":[],"_links":{"self":[{"href":"https:\/\/elektrovodomont.rs\/index.php?rest_route=\/wp\/v2\/pages\/82"}],"collection":[{"href":"https:\/\/elektrovodomont.rs\/index.php?rest_route=\/wp\/v2\/pages"}],"about":[{"href":"https:\/\/elektrovodomont.rs\/index.php?rest_route=\/wp\/v2\/types\/page"}],"author":[{"embeddable":true,"href":"https:\/\/elektrovodomont.rs\/index.php?rest_route=\/wp\/v2\/users\/1"}],"replies":[{"embeddable":true,"href":"https:\/\/elektrovodomont.rs\/index.php?rest_route=%2Fwp%2Fv2%2Fcomments&post=82"}],"version-history":[{"count":2,"href":"https:\/\/elektrovodomont.rs\/index.php?rest_route=\/wp\/v2\/pages\/82\/revisions"}],"predecessor-version":[{"id":300,"href":"https:\/\/elektrovodomont.rs\/index.php?rest_route=\/wp\/v2\/pages\/82\/revisions\/300"}],"wp:attachment":[{"href":"https:\/\/elektrovodomont.rs\/index.php?rest_route=%2Fwp%2Fv2%2Fmedia&parent=82"}],"curies":[{"name":"wp","href":"https:\/\/api.w.org\/{rel}","templated":true}]}}